{"id":69,"date":"2013-05-27T12:13:35","date_gmt":"2013-05-27T12:13:35","guid":{"rendered":"http:\/\/nordicrpg.fi\/piiritystila\/?page_id=69"},"modified":"2015-10-14T11:36:45","modified_gmt":"2015-10-14T11:36:45","slug":"media","status":"publish","type":"page","link":"http:\/\/nordicrpg.fi\/piiritystila\/media\/","title":{"rendered":"Media"},"content":{"rendered":"<p>This page will collect material about <em>Halat hisar<\/em> elsewhere on the net and in the media.<\/p>\n<p><strong>In Finnish<\/strong><\/p>\n<p>14.10.2015 &#8211; <strong><a href=\"http:\/\/muurinmurtajat.fi\/tarinat\/\">Toimijatarinat<\/a><\/strong>, kommentteja <em>Halat hisarin<\/em> j\u00e4rjest\u00e4jilt\u00e4 sivustolla Muurinmurtajat<\/p>\n<p>21.5.2014 &#8211; <a href=\"http:\/\/humanistipiknik.blogspot.fi\/2014\/05\/historianelavoitysta.html\"><strong>Historianel\u00e4v\u00f6ityst\u00e4 n\u00e4ytelm\u00e4roolipelien avulla<\/strong><\/a>, artikkeli blogissa Humanistipiknik<\/p>\n<p>kev\u00e4t, 2014 &#8211; <strong>Viikonloppu miehitetyss\u00e4 Suomessa<\/strong>, artikkeli Iso numero -lehdess\u00e4<\/p>\n<p>16.12.2013 &#8211; <a href=\"http:\/\/www.liberolehti.fi\/viikonloppu-miehitetyssa-suomessa\/\"><strong>Viikonloppu miehitetyss\u00e4 Suomessa<\/strong><\/a>, artikkeli Libero-lehdess\u00e4<\/p>\n<p>13.12.2013 &#8211; <a href=\"http:\/\/tv1.yle.fi\/juttuarkisto\/larppaamalla-maailmanrauha\"><strong>Larppaamalla maailmanrauha?<\/strong><\/a>, insertti tv-ohjelmassa Strada<\/p>\n<p>6.12.2013 &#8211; <a href=\"http:\/\/geekgirls.fi\/wp\/joulukalenterin-luukku-6-itsenaisyyspaivan-spesiaali\/\"><strong>Itsen\u00e4isyysp\u00e4iv\u00e4n spesiaali<\/strong><\/a>, artikkeli N\u00f6rttityt\u00f6t-sivustolla<\/p>\n<p>21.11.2013 &#8211; <a href=\"http:\/\/vastuu.fi\/main\/index.php?fmq=&amp;pr=1&amp;id=1348\"><strong>Simulointia ja j\u00e4lleenrakennusta &#8211; &#8220;Piiritystilassa&#8221;-ilta her\u00e4tti<\/strong><\/a>, juttu Psykologien Sosiaalinen Vastuu ry:n sivuilla<\/p>\n<p>19.11.2013 &#8211; <a href=\"http:\/\/www.tajunnanvirta.com\/lokkiajatus\/?p=488\"><strong>Miehitetty Suomi<\/strong><\/a>, kirjoitus blogissa Onko lokilla r\u00e4pyl\u00e4t?<\/p>\n<p>13.11.2013 &#8211; <a href=\"http:\/\/yle.fi\/uutiset\/suomi_miehitetaan_palestiinalaislarpissa\/6932155\"><strong>Suomi miehitet\u00e4\u00e4n palestiinalaislarpissa<\/strong><\/a>, uutinen Ylen sivuilla<\/p>\n<p>12.11.2013 &#8211; <a href=\"http:\/\/www.ess.fi\/uutiset\/kotimaa\/2013\/11\/12\/liveroolipelissa-paasee-elaytymaan-palestiinalaisten-oloihin\"><strong>Liveroolipeliss\u00e4 p\u00e4\u00e4see el\u00e4ytym\u00e4\u00e4n palestiinalaisten oloihin<\/strong><\/a>, uutinen Etel\u00e4-Suomen Sanomien sivuilla<\/p>\n<p>12.11.2013 &#8211; <a href=\"http:\/\/ls24.fi\/jutut\/kotimaa\/juttu-liveroolipelissa-paasee-elaytymaan-palestiinalaisten-oloihin\"><strong>Liveroolipeliss\u00e4 p\u00e4\u00e4see el\u00e4ytym\u00e4\u00e4n palestiinalaisten oloihin<\/strong><\/a>, uutinen L\u00e4nsi-Suomen sivuilla<\/p>\n<p>12.11.2013 &#8211; <a href=\"http:\/\/www.ts.fi\/uutiset\/kotimaa\/559569\/Liveroolipeli+tuo+palestiinalaisten+arjen+Suomeen\"><strong>Liveroolipeli tuo palestiinalaisten arjen Suomeen<\/strong><\/a>, uutinen Turun Sanomien sivuilla<\/p>\n<p>12.11.2013 &#8211; <a href=\"http:\/\/www.ilkka.fi\/uutiset\/kotimaa\/liveroolipelissa-paasee-elaytymaan-palestiinalaisten-oloihin-1.1499281\"><strong>Liveroolipeliss\u00e4 p\u00e4\u00e4see el\u00e4ytym\u00e4\u00e4n palestiinalaisten oloihin<\/strong><\/a>, uutinen Ilkan sivuilla<\/p>\n<p>12.11.2013 &#8211; <a href=\"http:\/\/www.kaleva.fi\/uutiset\/kotimaa\/liveroolipelissa-paasee-elaytymaan-palestiinalaisten-oloihin\/647758\/\"><strong>Liveroolipeliss\u00e4 p\u00e4\u00e4see el\u00e4ytym\u00e4\u00e4n palestiinalaisten oloihin<\/strong><\/a>, uutinen Kalevan sivuilla<\/p>\n<p>12.11.2013 &#8211; <a href=\"http:\/\/fifi.voima.fi\/voima-artikkeli\/2013\/numero-9\/miehitetty-helsinki\"><strong>Miehitetty Helsinki<\/strong><\/a>, an article in the 9\/2013 issue of Voima<\/p>\n<p>26.7.2013 &#8211; <a href=\"http:\/\/www.vastuu.fi\/main\/index.php?pr=2&amp;id=1259\"><strong>Liveroolipeliss\u00e4 suomalaiset el\u00e4v\u00e4t arkeaan piiritystilanteen keskell\u00e4<\/strong><\/a>, juttu Psykologien Sosiaalinen Vastuu ry:n sivuilla<\/p>\n<p>26.7.2013 &#8211; Juttu <a href=\"http:\/\/www.ropecon.fi\">Ropeconista<\/a> ja <em>Piiritystilasta<\/em> MTV3:n <a href=\"http:\/\/www.katsomo.fi\/\">Kymmenen uutisissa<\/a>.<\/p>\n<p>26.7.2013 &#8211; <strong><a href=\"http:\/\/yle.fi\/uutiset\/liveroolipeli_heijastaa_yhteiskunnan_tapahtumia\/6749557\">Liveroolipeli heijastaa yhteiskunnan tapahtumia<\/a><\/strong>, juttu Ylen sivuilla<\/p>\n<p>18.7.2013 &#8211; <a href=\"http:\/\/kulttuurivihkot.fi\/lehti\/jutut\/uutiset\/414-palestiinalainen-larppi-saapuu-suomeen\"><strong>Palestiinalainen larppi sijoittuu miehitettyyn Suomeen<\/strong><\/a>, juttu Kulttuurivihkojen sivuilla<\/p>\n<p>18.7.2013 &#8211; <a href=\"http:\/\/nordicrpg.fi\/piiritystila\/wp-content\/uploads\/2013\/07\/metro_18.7.2013_halat_hisar_pieni.jpg\"><strong>Palestiinalaispeli vie piiritettyyn Suomeen<\/strong><\/a>, artikkeli Metro-lehdess\u00e4<\/p>\n<p>27.5.2013 &#8211; <a href=\"http:\/\/loki.pelilauta.fi\/wordpress\/?p=1598\"><strong>Piiritystila &#8211; Palestiinalainen larppi Suomessa<\/strong><\/a>, Juhana Petterssonin artikkeli pelist\u00e4 roolipeliblogi Lokissa<\/p>\n<p><strong>In English<\/strong><\/p>\n<p>23.7.2014 &#8211; <a href=\"http:\/\/nordiclarp.org\/2014\/07\/23\/life-under-occupation-the-halat-hisar-book\/\"><strong>Life Under Occupation: The Halat Hisar Book<\/strong><\/a>, an article at Nordic Larp .org<\/p>\n<p>1.6.2014 &#8211; <a href=\"http:\/\/nordiclarptalks.org\/post\/87479411938\/halat-hisar-state-of-siege-kaisa-kangas\"><strong>Halat hisar<\/strong><\/a>, a talk given by Kaisa Kangas at Nordic Larp Talks<\/p>\n<p>8.4.2014 &#8211; <a href=\"http:\/\/www.gamejournal.it\/3_fuchs\/#.U0ULmff_mg6\"><strong>Nordic game subcultures: between LARPers and avant-garde<\/strong><\/a>, an article in GAME &#8211; The Italian Journal of Game Studies<\/p>\n<p>26.3.2014 &#8211; <a href=\"http:\/\/blog.ukg.co.uk\/cutting-edge-nordic-larp\/\"><strong>The Cutting Edge of Nordic Larp<\/strong><\/a>, an article in the blog Games! All sorts of different ones.<\/p>\n<p>26.3.2014 &#8211; <a href=\"http:\/\/imagonem.org\/2014\/03\/26\/chewing-on-the-cutting-edge\/\"><strong>Chewing on the Cutting Edge<\/strong><\/a>, an article in the blog Imagonem<\/p>\n<p>24.3.2014 &#8211; <a href=\"http:\/\/nordiclarp.org\/wiki\/The_Cutting_Edge_of_Nordic_Larp\"><strong>Bringing the Occupation Home<\/strong><\/a>, an article in the book The Cutting Edge of Nordic Larp<\/p>\n<p>24.3.2014 &#8211; <a href=\"http:\/\/nordiclarp.org\/wiki\/The_Cutting_Edge_of_Nordic_Larp\"><strong>Larp for Change<\/strong><\/a>, an article in the book The Cutting Edge of Nordic Larp<\/p>\n<p>9.3.2014 &#8211; <a href=\"http:\/\/www.goethe.de\/ins\/pl\/lp\/prj\/spi\/mag\/urb\/en12076690.htm\"><strong>Nordic Larp: Performing for the First Person Audience<\/strong><\/a>, an article at Speiltrieb<\/p>\n<p>17.2.2014 &#8211; <a href=\"https:\/\/soundcloud.com\/claus-raasted\/episode-43-halat-hisar\"><strong>Halat-hisar (with Juhana Pettersson)<\/strong><\/a>, an interview in the Rollespilsakademiet podcast<\/p>\n<p>13.12.2013 &#8211; <a href=\"http:\/\/petterkarlsson.se\/2013\/12\/13\/halat-hisar-a-larp-about-an-occupied-modern-day-finland\/\"><strong>Halat hisar &#8211; A larp about an occupied modern-day Finland<\/strong><\/a>, a blog on Petter Karlsson&#8217;s blog<\/p>\n<p>20.11.2013 &#8211; <a href=\"http:\/\/johannesaxner.com\/2013\/11\/19\/halat-hisar\/\"><strong>Halat hisar<\/strong><\/a>, Johannes Axner&#8217;s player report from the larp<\/p>\n<p>29.5.2013 &#8211; <strong><a href=\"http:\/\/nordiclarp.org\/2013\/05\/29\/sate-of-siege-a-palestinian-finnish-project\/\">State of Siege &#8211; A Palestinian-Finnish larp project<\/a><\/strong>, a short piece about the larp at the nordiclarp.org site<\/p>\n<p><strong>In German<\/strong><\/p>\n<p>7.8.2014 &#8211; <a href=\"http:\/\/www.spiegel.de\/netzwelt\/games\/nordic-larps-art-house-rollenspiel-ueber-palaestina-konflikt-a-984627.html\"><strong>&#8220;Nordic Larps&#8221;: Pal\u00e4stina-Konflikt im Live-Rollenspiel<\/strong><\/a>, an article in Der Spiegel<\/p>\n<p><strong>In Crazy<\/strong><\/p>\n<p>15.11.2013 &#8211; <a href=\"http:\/\/tundratabloids.com\/2013\/11\/palestinian-propaganda-set-to-wash-up-on-the-shores-of-helsinki-in-larp-role-playing.html\"><strong>Palestinian propaganda set to wash up on the shores of Helsinki in larp role playing&#8230;&#8230;.<\/strong><\/a>, a blog post in Tundra Tabloids<\/p>\n<p><strong>For the media<\/strong><\/p>\n<p>Media inquiries may be directed to <strong>Juhana Pettersson<\/strong> \/ jlp@iki.fi<\/p>\n","protected":false},"excerpt":{"rendered":"<p>This page will collect material about Halat hisar elsewhere on the net and in the media. In Finnish 14.10.2015 &#8211; Toimijatarinat, kommentteja Halat hisarin j\u00e4rjest\u00e4jilt\u00e4 sivustolla Muurinmurtajat 21.5.2014 &#8211; Historianel\u00e4v\u00f6ityst\u00e4 n\u00e4ytelm\u00e4roolipelien avulla, artikkeli blogissa Humanistipiknik kev\u00e4t, 2014 &#8211; Viikonloppu miehitetyss\u00e4 Suomessa, artikkeli Iso numero -lehdess\u00e4 16.12.2013 &#8211; Viikonloppu miehitetyss\u00e4 Suomessa, artikkeli Libero-lehdess\u00e4 13.12.2013 &#8211; Larppaamalla [&hellip;]<\/p>\n","protected":false},"author":1,"featured_media":0,"parent":0,"menu_order":0,"comment_status":"closed","ping_status":"open","template":"","meta":{"footnotes":""},"_links":{"self":[{"href":"http:\/\/nordicrpg.fi\/piiritystila\/wp-json\/wp\/v2\/pages\/69"}],"collection":[{"href":"http:\/\/nordicrpg.fi\/piiritystila\/wp-json\/wp\/v2\/pages"}],"about":[{"href":"http:\/\/nordicrpg.fi\/piiritystila\/wp-json\/wp\/v2\/types\/page"}],"author":[{"embeddable":true,"href":"http:\/\/nordicrpg.fi\/piiritystila\/wp-json\/wp\/v2\/users\/1"}],"replies":[{"embeddable":true,"href":"http:\/\/nordicrpg.fi\/piiritystila\/wp-json\/wp\/v2\/comments?post=69"}],"version-history":[{"count":34,"href":"http:\/\/nordicrpg.fi\/piiritystila\/wp-json\/wp\/v2\/pages\/69\/revisions"}],"predecessor-version":[{"id":379,"href":"http:\/\/nordicrpg.fi\/piiritystila\/wp-json\/wp\/v2\/pages\/69\/revisions\/379"}],"wp:attachment":[{"href":"http:\/\/nordicrpg.fi\/piiritystila\/wp-json\/wp\/v2\/media?parent=69"}],"curies":[{"name":"wp","href":"https:\/\/api.w.org\/{rel}","templated":true}]}}