{"id":31,"date":"2013-04-30T12:09:36","date_gmt":"2013-04-30T12:09:36","guid":{"rendered":"http:\/\/nordicrpg.fi\/piiritystila\/?page_id=31"},"modified":"2013-11-10T14:26:24","modified_gmt":"2013-11-10T14:26:24","slug":"why","status":"publish","type":"page","link":"http:\/\/nordicrpg.fi\/piiritystila\/concept\/why\/","title":{"rendered":"Why"},"content":{"rendered":"<p>On this page, members of the design team explain why they want to make this game, in English or in Finnish:<\/p>\n<p><strong>Fatima AbdulKarim<\/strong><\/p>\n<p>Because I burst out laughing, at the first reaction, when I started reading the first few lines of an announcement to a political party which included their political declaration. This party declaration was an art project by an artist and a philosophy professor, both Palestinians, which reversed the political declaration of <a href=\"http:\/\/www.britannica.com\/EBchecked\/topic\/1103577\/Kadima\">Kadima<\/a> political party in what is now Israel by using the word Palestine instead of Israel and vice versa, Refugees instead of Settlers and use Refugee Camps instead of Settlements.<\/p>\n<p>The effect of the wording made it sound extremely sarcastic at first sight, so I burst out with laughter. A few lines down, I was sighing, I felt disgusted. The wording effect was so fascist and I could not take it.<br \/>\nThat was one brilliant way that showed me how to really see things and rethink all of what is in my mindset. That&#8217;s exactly what we are doing with <em>Halat Hisar<\/em>, we are recreating my world for your eyes.<\/p>\n<p><strong>Kaisa Kangas<\/strong><\/p>\n<p>Because putting things into a different context makes you better see the absurdity of it all. How would it sound to you if someone said (for instance) that\u00a0\u00a0Finns don&#8217;t have any specific right to be in Finland because there are so many other Nordic countries?<\/p>\n<p>Because I wanted our Palestinian team to have the\u00a0opportunity to organize a larp in Finland, an international event where Palestinian and Finnish larpers (and larpers from other countries, too) could play together and get to know each other. I am hoping we will learn a lot from each other&#8217;s larp cultures.<\/p>\n<p><strong>Juhana Pettersson<\/strong><\/p>\n<p>Suomalaisissa roolipeleiss\u00e4 ja larpeissa on pitk\u00e4 vaihtoehtohistoriallisen dystopian perinne. P\u00f6yt\u00e4pelien puolella alan klassikko lienee <em>Hiljaisuuden vangit<\/em>. Siin\u00e4 natsit voittivat toisen maailmansodan, ja liittolaismaa Suomenkin poliittinen tulevaisuus meni sen my\u00f6t\u00e4 v\u00e4h\u00e4n toisille urille.<\/p>\n<p>Larpeista mainittakoon esimerkiksi <strong>Mike Pohjolan<\/strong> <em>.laitos<\/em>, jossa pelattiin koulup\u00e4iv\u00e4\u00e4 fasisti-Suomessa. Vaihtoehtohistoriaa on sijoitettu muuallekin kuin kotimaahan: <em>Ground Zero<\/em> -parissa pelattiin amerikkalaisen pikkukaupungin asukkaita Kuuban ohjuskriisin aikaan. Todellisesta historiasta poikettiin siin\u00e4, ett\u00e4 t\u00e4ll\u00e4 kertaa ydinsota todella alkoi.<\/p>\n<p>K\u00e4vin vuoden 2012 loppukes\u00e4st\u00e4 pelaamassa Palestiinan ensimm\u00e4isess\u00e4 larpissa<em> Till Death Do Us Part<\/em>. Kirjoitin pelist\u00e4 artikkelin Helsingin Sanomiin, ja tehdess\u00e4ni haastatteluja palestiinalaiset pelij\u00e4rjest\u00e4j\u00e4t sanoivat, ett\u00e4 nyt kun heill\u00e4 on larppi hallussa, olisi hauskaa tehd\u00e4 pelej\u00e4 muuallakin kuin Palestiinassa. Esimerkiksi Suomessa.<\/p>\n<p>Suomessa ja muuallakin Pohjoismaissa on tehty paljon dystooppisia pelej\u00e4, mutta niiss\u00e4 on harvoin n\u00e4kynyt eletyn kokemuksen mukanaan tuoma autenttisuus. Sen takia onkin hienoa tehd\u00e4 Suomi-dystopioiden jatkumoon sijoittuvaa peli\u00e4 palestiinalaisten j\u00e4rjest\u00e4jien kanssa. Heid\u00e4n kokemuksensa ansiosta peliin saa realismia ja yksityiskohtia, eik\u00e4 pelin maailma ole ihan niin mustavalkoinen kuin se voisi muuten olla.<\/p>\n","protected":false},"excerpt":{"rendered":"<p>On this page, members of the design team explain why they want to make this game, in English or in Finnish: Fatima AbdulKarim Because I burst out laughing, at the first reaction, when I started reading the first few lines of an announcement to a political party which included their political declaration. This party declaration [&hellip;]<\/p>\n","protected":false},"author":1,"featured_media":0,"parent":17,"menu_order":0,"comment_status":"open","ping_status":"open","template":"","meta":{"footnotes":""},"_links":{"self":[{"href":"http:\/\/nordicrpg.fi\/piiritystila\/wp-json\/wp\/v2\/pages\/31"}],"collection":[{"href":"http:\/\/nordicrpg.fi\/piiritystila\/wp-json\/wp\/v2\/pages"}],"about":[{"href":"http:\/\/nordicrpg.fi\/piiritystila\/wp-json\/wp\/v2\/types\/page"}],"author":[{"embeddable":true,"href":"http:\/\/nordicrpg.fi\/piiritystila\/wp-json\/wp\/v2\/users\/1"}],"replies":[{"embeddable":true,"href":"http:\/\/nordicrpg.fi\/piiritystila\/wp-json\/wp\/v2\/comments?post=31"}],"version-history":[{"count":10,"href":"http:\/\/nordicrpg.fi\/piiritystila\/wp-json\/wp\/v2\/pages\/31\/revisions"}],"predecessor-version":[{"id":229,"href":"http:\/\/nordicrpg.fi\/piiritystila\/wp-json\/wp\/v2\/pages\/31\/revisions\/229"}],"up":[{"embeddable":true,"href":"http:\/\/nordicrpg.fi\/piiritystila\/wp-json\/wp\/v2\/pages\/17"}],"wp:attachment":[{"href":"http:\/\/nordicrpg.fi\/piiritystila\/wp-json\/wp\/v2\/media?parent=31"}],"curies":[{"name":"wp","href":"https:\/\/api.w.org\/{rel}","templated":true}]}}