{"id":23,"date":"2013-04-03T21:05:50","date_gmt":"2013-04-03T21:05:50","guid":{"rendered":"http:\/\/nordicrpg.fi\/piiritystila\/?page_id=23"},"modified":"2015-12-12T18:49:53","modified_gmt":"2015-12-12T18:49:53","slug":"intro","status":"publish","type":"page","link":"http:\/\/nordicrpg.fi\/piiritystila\/","title":{"rendered":"Intro"},"content":{"rendered":"<p><strong>Halat hisar will return in 2016! Read all about it at our <a href=\"http:\/\/www.nordicrpg.fi\/halathisar\">new website<\/a>. This page will no longer be updated, so look for news <a href=\"http:\/\/www.nordicrpg.fi\/halathisar\">here<\/a>. (12.12.2015)<\/strong><\/p>\n<p><strong>The Halat hisar documentation book has been published! Download it for free from <a href=\"http:\/\/www.nordicrpg.fi\/julkaisut\/life-under-occupation\/\">here<\/a>.<\/strong><\/p>\n<p><a href=\"http:\/\/nordicrpg.fi\/piiritystila\/wp-content\/uploads\/2013\/04\/life_under_occupation.jpg\"><img decoding=\"async\" loading=\"lazy\" class=\"alignnone size-medium wp-image-370\" src=\"http:\/\/nordicrpg.fi\/piiritystila\/wp-content\/uploads\/2013\/04\/life_under_occupation-224x300.jpg\" alt=\"life_under_occupation\" width=\"224\" height=\"300\" srcset=\"http:\/\/nordicrpg.fi\/piiritystila\/wp-content\/uploads\/2013\/04\/life_under_occupation-224x300.jpg 224w, http:\/\/nordicrpg.fi\/piiritystila\/wp-content\/uploads\/2013\/04\/life_under_occupation-767x1024.jpg 767w\" sizes=\"(max-width: 224px) 100vw, 224px\" \/><\/a><\/p>\n<p><strong>Halat hisar is a Palestinian-Finnish larp that was played on the 15th to 17th of November, 2013.<\/strong><\/p>\n<p><a href=\"http:\/\/nordicrpg.fi\/piiritystila\/wp-content\/uploads\/2013\/04\/final.jpg\"><img decoding=\"async\" loading=\"lazy\" class=\"alignnone size-large wp-image-36\" src=\"http:\/\/nordicrpg.fi\/piiritystila\/wp-content\/uploads\/2013\/04\/final-1024x527.jpg\" alt=\"final\" width=\"1024\" height=\"527\" srcset=\"http:\/\/nordicrpg.fi\/piiritystila\/wp-content\/uploads\/2013\/04\/final-1024x527.jpg 1024w, http:\/\/nordicrpg.fi\/piiritystila\/wp-content\/uploads\/2013\/04\/final-300x154.jpg 300w, http:\/\/nordicrpg.fi\/piiritystila\/wp-content\/uploads\/2013\/04\/final.jpg 1600w\" sizes=\"(max-width: 1024px) 100vw, 1024px\" \/><\/a><\/p>\n<p>(Kuva: Joel Sammallahti, 2013)<\/p>\n<p>Suomi on miehitetty, ja suomalaiset el\u00e4v\u00e4t miehityshallinnon ikeen alla. Valloittajat pit\u00e4v\u00e4t Suomea omana is\u00e4nmaanaan, eik\u00e4 siell\u00e4 ole sijaa aikaisemmille asukkaille. <em>Piiritystila<\/em> on larppi, joka k\u00e4sittelee arkea miehityksen keskell\u00e4. Hahmot ovat yliopistotutkijoita ja -opiskelijoita jotka yritt\u00e4v\u00e4t pit\u00e4\u00e4 seminaaria ruumiintarkastuksista, ulkonaliikkumiskielloista ja miehitt\u00e4j\u00e4n mielivallasta huolimatta. Pelin tyylilaji on perusinhimillinen: miehitys on arkea, ja kuten arjessa aina, t\u00e4m\u00e4n p\u00e4iv\u00e4n tragedia voi olla huomisen mustaa huumoria.<\/p>\n<p>Peli sijoittuu nykyp\u00e4iv\u00e4\u00e4n, ymp\u00e4rist\u00f6ist\u00e4 arkisimpaan: Helsingin yliopistolle. Kaikki ei kuitenkaan ole ihan niin kuin meid\u00e4n maailmassamme. P\u00e4\u00e4st\u00e4kseen seminaariin t\u00e4ytyy kulkea miehitt\u00e4j\u00e4n checkpointista l\u00e4pi, ja sotilaat suojelevat fanaattisia siirtokuntalaisia, jotka ovat vallanneet osan yliopistosta ja pyrkiv\u00e4t h\u00e4iritsem\u00e4\u00e4n suomalaisten normaalia el\u00e4m\u00e4\u00e4.<\/p>\n<p>Vastarintaliikkeet ovat kiinte\u00e4 osa yliopistopolitiikkaa, ja toimiessaan niiss\u00e4 hahmot joutuvat vaikeiden ratkaisujen ja ristiriitojen eteen. Ryhmittymill\u00e4 on keskin\u00e4iset erimielisyytens\u00e4 ja sis\u00e4iset juonittelunsa. Tilanne nostaa esiin moraalisia ongelmia. Onko v\u00e4kivallaton vai v\u00e4kivaltainen vastarinta parempi tie? Oikeuttaako ep\u00e4toivoinen tilanne siviileihin kohdistuvat iskut? Vai onko parempi turvata tulevaisuus itselleen ja l\u00e4heisilleen toimimalla miehitt\u00e4j\u00e4n k\u00e4tyrin\u00e4?<\/p>\n<p>Marraskuun 2013 15. \u2013 17. p\u00e4iv\u00e4 pelattava <em>Piiritystila<\/em> j\u00e4rjestet\u00e4\u00e4n yhdess\u00e4 palestiinalaisten pelij\u00e4rjest\u00e4jien kanssa, ja mukana on my\u00f6s palestiinalaisia pelaajia. Peli on avoin suomalaisille ja ulkomaisille osallistujille, kokeneemmille larppaajille ja aloittelijoille. Peliss\u00e4 puhutaan p\u00e4\u00e4asiassa suomea ja englantia. Ulkomaisten osallistujien iloksi n\u00e4m\u00e4 sivut ovat enimm\u00e4kseen englanninkieliset.<\/p>\n<p>Lis\u00e4tietoja: stateofsiegelarp@gmail.com<\/p>\n<p><a href=\"https:\/\/www.facebook.com\/groups\/396874127089914\/\">Facebook<\/a> (Ryhm\u00e4 on avoin kaikille pelist\u00e4 kiinnostuneille.)<\/p>\n<p><strong>In English<\/strong><\/p>\n<p>State of Siege is a larp about occupied Finland and everyday life under a military regime. The game is set at the University of Helsinki where students and researches are trying to hold a seminar in the midst of checkpoints, random searches, curfew and other facets of life under occupation.<\/p>\n<p>The game is created cooperatively between Finnish and Palestinian designers. It&#8217;s held in November 2013, on 15th &#8211; 17th, and is open to both Finnish and foreign participants. The languages will mostly be Finnish and English.<\/p>\n<p>More information: stateofsiegelarp@gmail.com<\/p>\n<p><strong>Tukijat<\/strong><\/p>\n<p>Teoksen j\u00e4rjest\u00e4mist\u00e4 ovat tukeneet Suomen kulttuurirahasto sek\u00e4 Taiteen edist\u00e4miskeskus.<\/p>\n<p><a href=\"https:\/\/www.facebook.com\/groups\/396874127089914\/\">Facebook<\/a> (The group is open to all interested in the game.)<\/p>\n","protected":false},"excerpt":{"rendered":"<p>Halat hisar will return in 2016! Read all about it at our new website. This page will no longer be updated, so look for news here. (12.12.2015) The Halat hisar documentation book has been published! Download it for free from here. Halat hisar is a Palestinian-Finnish larp that was played on the 15th to 17th [&hellip;]<\/p>\n","protected":false},"author":1,"featured_media":0,"parent":0,"menu_order":0,"comment_status":"open","ping_status":"open","template":"","meta":{"footnotes":""},"_links":{"self":[{"href":"http:\/\/nordicrpg.fi\/piiritystila\/wp-json\/wp\/v2\/pages\/23"}],"collection":[{"href":"http:\/\/nordicrpg.fi\/piiritystila\/wp-json\/wp\/v2\/pages"}],"about":[{"href":"http:\/\/nordicrpg.fi\/piiritystila\/wp-json\/wp\/v2\/types\/page"}],"author":[{"embeddable":true,"href":"http:\/\/nordicrpg.fi\/piiritystila\/wp-json\/wp\/v2\/users\/1"}],"replies":[{"embeddable":true,"href":"http:\/\/nordicrpg.fi\/piiritystila\/wp-json\/wp\/v2\/comments?post=23"}],"version-history":[{"count":26,"href":"http:\/\/nordicrpg.fi\/piiritystila\/wp-json\/wp\/v2\/pages\/23\/revisions"}],"predecessor-version":[{"id":381,"href":"http:\/\/nordicrpg.fi\/piiritystila\/wp-json\/wp\/v2\/pages\/23\/revisions\/381"}],"wp:attachment":[{"href":"http:\/\/nordicrpg.fi\/piiritystila\/wp-json\/wp\/v2\/media?parent=23"}],"curies":[{"name":"wp","href":"https:\/\/api.w.org\/{rel}","templated":true}]}}